{"id":194,"date":"2021-01-31T21:03:36","date_gmt":"2021-01-31T21:03:36","guid":{"rendered":"https:\/\/innovahied.academy\/?page_id=194"},"modified":"2022-04-01T19:14:33","modified_gmt":"2022-04-01T22:14:33","slug":"consultoria","status":"publish","type":"page","link":"https:\/\/innovahied.academy\/en\/consultoria\/","title":{"rendered":"Consulting"},"content":{"rendered":"<div id=\"pl-194\"  class=\"panel-layout\" ><div id=\"pg-194-0\"  class=\"panel-grid panel-no-style\" ><div id=\"pgc-194-0-0\"  class=\"panel-grid-cell\" ><div id=\"panel-194-0-0-0\" class=\"so-panel widget widget_headline-widget panel-first-child panel-last-child\" data-index=\"0\" >\t\t<h1>Consulting<\/h1>\n\t\t<div class=\"decoration\"><div class=\"decoration-inside\"><\/div><\/div>\n\t\t<h3>Academic Consulting Services for Preparation for Accreditation Processes<\/h3>\n\t\t<\/div><\/div><\/div><div id=\"pg-194-1\"  class=\"panel-grid panel-no-style\" ><div id=\"pgc-194-1-0\"  class=\"panel-grid-cell\" ><div id=\"panel-194-1-0-0\" class=\"so-panel widget widget_media_image panel-first-child panel-last-child\" data-index=\"1\" ><img loading=\"lazy\" decoding=\"async\" width=\"300\" height=\"232\" src=\"https:\/\/innovahied.academy\/wp-content\/uploads\/2021\/01\/img_consultoria-300x232.png\" class=\"image wp-image-215  attachment-medium size-medium\" alt=\"\" style=\"max-width: 100%; height: auto;\" srcset=\"https:\/\/innovahied.academy\/wp-content\/uploads\/2021\/01\/img_consultoria-300x232.png 300w, https:\/\/innovahied.academy\/wp-content\/uploads\/2021\/01\/img_consultoria-1024x793.png 1024w, https:\/\/innovahied.academy\/wp-content\/uploads\/2021\/01\/img_consultoria-768x595.png 768w, https:\/\/innovahied.academy\/wp-content\/uploads\/2021\/01\/img_consultoria-1536x1190.png 1536w, https:\/\/innovahied.academy\/wp-content\/uploads\/2021\/01\/img_consultoria-2048x1587.png 2048w, https:\/\/innovahied.academy\/wp-content\/uploads\/2021\/01\/img_consultoria-16x12.png 16w\" sizes=\"auto, (max-width: 300px) 100vw, 300px\" \/><\/div><\/div><div id=\"pgc-194-1-1\"  class=\"panel-grid-cell\" ><div id=\"panel-194-1-1-0\" class=\"so-panel widget widget_text panel-first-child panel-last-child\" data-index=\"2\" ><h3 class=\"widget-title\">We offer professional consulting services for Higher Education institutions through a team of professionals with proven experience to improve academic and management processes including, among other topics:<\/h3>\t\t\t<div class=\"textwidget\"><ul>\n<li style=\"font-weight: 400;\" aria-level=\"3\">Curricular alignment of the academic program<\/li>\n<li style=\"font-weight: 400;\" aria-level=\"3\">Design of competency-based curricula<\/li>\n<li style=\"font-weight: 400;\" aria-level=\"3\">Teaching and evaluation methodologies<\/li>\n<li style=\"font-weight: 400;\" aria-level=\"3\">Quality assurance<\/li>\n<li style=\"font-weight: 400;\" aria-level=\"3\">Preparation for obtaining international accreditations \/ certifications<\/li>\n<li style=\"font-weight: 400;\" aria-level=\"3\">Educational innovation<\/li>\n<li style=\"font-weight: 400;\" aria-level=\"3\">Change management<\/li>\n<li style=\"font-weight: 400;\" aria-level=\"3\">Methodologies for the development of critical and design thinking<\/li>\n<li style=\"font-weight: 400;\" aria-level=\"3\">Learning technologies<\/li>\n<\/ul>\n<\/div>\n\t\t<\/div><\/div><\/div><div id=\"pg-194-2\"  class=\"panel-grid panel-no-style\" ><div id=\"pgc-194-2-0\"  class=\"panel-grid-cell\" ><div id=\"panel-194-2-0-0\" class=\"so-panel widget widget_sow-button panel-first-child panel-last-child\" data-index=\"3\" ><div\n\t\t\t\n\t\t\tclass=\"so-widget-sow-button so-widget-sow-button-atom-e13d47aed4e6-194\"\n\t\t\t\n\t\t><div class=\"ow-button-base ow-button-align-center\"\n>\n\t\t\t<a\n\t\t\t\t\thref=\"https:\/\/innovahied.academy\/wp-content\/uploads\/2022\/04\/Flyer-v1.pdf\"\n\t\t\t\t\tclass=\"sowb-button ow-icon-placement-left ow-button-hover\" download=\"\" \t>\n\t\t<span>\n\t\t\t\n\t\t\tMore information\t\t<\/span>\n\t\t\t<\/a>\n\t<\/div>\n<\/div><\/div><\/div><\/div><\/div>","protected":false},"excerpt":{"rendered":"<p>Alineamiento curricular del plan de estudios Dise\u00f1o de planes de estudios basados en competencias Metodolog\u00edas docentes y de evaluaci\u00f3n Aseguramiento de la calidad Preparaci\u00f3n para la obtenci\u00f3n de acreditaciones\/certificaciones internacionales Innovaci\u00f3n Educativa Gesti\u00f3n del Cambio Metodolog\u00edas para el desarrollo del pensamiento cr\u00edtico y de dise\u00f1o Tecnolog\u00eda Educativa<\/p>","protected":false},"author":1,"featured_media":0,"parent":0,"menu_order":0,"comment_status":"closed","ping_status":"closed","template":"","meta":{"footnotes":""},"class_list":["post-194","page","type-page","status-publish","hentry","post"],"_links":{"self":[{"href":"https:\/\/innovahied.academy\/en\/wp-json\/wp\/v2\/pages\/194","targetHints":{"allow":["GET"]}}],"collection":[{"href":"https:\/\/innovahied.academy\/en\/wp-json\/wp\/v2\/pages"}],"about":[{"href":"https:\/\/innovahied.academy\/en\/wp-json\/wp\/v2\/types\/page"}],"author":[{"embeddable":true,"href":"https:\/\/innovahied.academy\/en\/wp-json\/wp\/v2\/users\/1"}],"replies":[{"embeddable":true,"href":"https:\/\/innovahied.academy\/en\/wp-json\/wp\/v2\/comments?post=194"}],"version-history":[{"count":27,"href":"https:\/\/innovahied.academy\/en\/wp-json\/wp\/v2\/pages\/194\/revisions"}],"predecessor-version":[{"id":718,"href":"https:\/\/innovahied.academy\/en\/wp-json\/wp\/v2\/pages\/194\/revisions\/718"}],"wp:attachment":[{"href":"https:\/\/innovahied.academy\/en\/wp-json\/wp\/v2\/media?parent=194"}],"curies":[{"name":"wp","href":"https:\/\/api.w.org\/{rel}","templated":true}]}}