{"id":20,"date":"2020-12-05T18:54:29","date_gmt":"2020-12-05T18:54:29","guid":{"rendered":"https:\/\/innovahied.academy\/home\/"},"modified":"2023-09-20T14:57:40","modified_gmt":"2023-09-20T17:57:40","slug":"home","status":"publish","type":"page","link":"https:\/\/innovahied.academy\/en\/","title":{"rendered":""},"content":{"rendered":"<div id=\"pl-gb20-69f329e6e4ca1\"  class=\"panel-layout\" ><div id=\"pg-gb20-69f329e6e4ca1-0\"  class=\"panel-grid panel-has-style\" ><div class=\"siteorigin-panels-stretch panel-row-style-full-width panel-row-style panel-row-style-for-gb20-69f329e6e4ca1-0\" style=\"background-color: #dbdbdb; \" data-stretch-type=\"full\" ><div id=\"pgc-gb20-69f329e6e4ca1-0-0\"  class=\"panel-grid-cell\" ><div id=\"panel-gb20-69f329e6e4ca1-0-0-0\" class=\"so-panel widget widget_sow-image panel-first-child panel-last-child\" data-index=\"0\" ><div\n\t\t\t\n\t\t\tclass=\"so-widget-sow-image so-widget-sow-image-default-c67d20f9f743-20\"\n\t\t\t\n\t\t>\n<div class=\"sow-image-container\">\n\t\t\t<a href=\"http:\/\/ifees.net\"\n\t\t\ttarget=\"_blank\" rel=\"noopener noreferrer\" \t\t>\n\t\t\t<img \n\tsrc=\"https:\/\/innovahied.academy\/wp-content\/uploads\/2021\/02\/IFEESLogo-150x150.png\" width=\"150\" height=\"150\" srcset=\"https:\/\/innovahied.academy\/wp-content\/uploads\/2021\/02\/IFEESLogo-150x150.png 150w, https:\/\/innovahied.academy\/wp-content\/uploads\/2021\/02\/IFEESLogo-13x12.png 13w, https:\/\/innovahied.academy\/wp-content\/uploads\/2021\/02\/IFEESLogo-24x24.png 24w\" sizes=\"(max-width: 150px) 100vw, 150px\" alt=\"\" \t\tclass=\"so-widget-image\"\/>\n\t\t\t<\/a><\/div>\n\n<\/div><\/div><\/div><div id=\"pgc-gb20-69f329e6e4ca1-0-1\"  class=\"panel-grid-cell\" ><div id=\"panel-gb20-69f329e6e4ca1-0-1-0\" class=\"so-panel widget widget_text panel-first-child panel-last-child\" data-index=\"1\" ><h3 class=\"widget-title\">Affiliated with IFEES<\/h3>\t\t\t<div class=\"textwidget\"><p style=\"font-size: 20px;\">In this new stage, innovaHiEd Academy conducts its activities in affiliation and collaboration with the International Federation of Engineering Education Societies (<a href=\"http:\/\/www.ifees.net\/\" target=\"_blank\" rel=\"noopener\">IFEES<\/a>), in order to strengthen capacity building services for its members.<\/p>\n<\/div>\n\t\t<\/div><\/div><\/div><\/div><div id=\"pg-gb20-69f329e6e4ca1-1\"  class=\"panel-grid panel-no-style\" ><div id=\"pgc-gb20-69f329e6e4ca1-1-0\"  class=\"panel-grid-cell\" ><div id=\"panel-gb20-69f329e6e4ca1-1-0-0\" class=\"so-panel widget widget_headline-widget panel-first-child panel-last-child\" data-index=\"2\" >\t\t<h1>Activities<\/h1>\n\t\t<div class=\"decoration\"><div class=\"decoration-inside\"><\/div><\/div>\n\t\t<h3><\/h3>\n\t\t<\/div><\/div><\/div><div id=\"pg-gb20-69f329e6e4ca1-2\"  class=\"panel-grid panel-no-style\" ><div id=\"pgc-gb20-69f329e6e4ca1-2-0\"  class=\"panel-grid-cell\" ><div id=\"panel-gb20-69f329e6e4ca1-2-0-0\" class=\"so-panel widget widget_circleicon-widget panel-first-child panel-last-child\" data-index=\"3\" ><div class=\"panel-widget-style panel-widget-style-for-gb20-69f329e6e4ca1-2-0-0\" >\t\t<div class=\"circle-icon-box circle-icon-position-top circle-icon-hide-box circle-icon-size-small\">\n\t\t\t\t\t\t\t<div class=\"circle-icon-wrapper\">\n\t\t\t\t\t\t\t\t\t\t<a href=\"\/en\/consultoria\/\" class=\"link-icon\" >\t\t\t\t\t<div class=\"circle-icon\" >\n\t\t\t\t\t\t\t\t\t\t\t\t\t<div class=\"fa fa-comments\" ><\/div>\n\t\t\t\t\t\t\t\t\t\t\t<\/div> \n\t\t\t\t\t<\/a>\t\t\t\t<\/div>\n\t\t\t\n\t\t\t\t\t\t\t<a href=\"\/en\/consultoria\/\" class=\"link-title\" >\n\t\t\t\t\t\t\t\t\t\t<h4 >\n\t\t\t\t\tConsulting for Higher Education institutions\t\t\t\t<\/h4>\n\t\t\t\t\t\t\t\t\t\t<\/a>\n\t\t\t\n\t\t\t\t\t\t\t<p class=\"text\" >We have a team of professionals with proven experience in supporting HE institutions to improve their academic and management processes.<\/p>\n\t\t\t\t\t\t\t\t\t\t<a href=\"\/en\/consultoria\/\" class=\"more-button\" >More <i><\/i><\/a>\n\t\t\t\t\t<\/div>\n\t\t<\/div><\/div><\/div><div id=\"pgc-gb20-69f329e6e4ca1-2-1\"  class=\"panel-grid-cell\" ><div id=\"panel-gb20-69f329e6e4ca1-2-1-0\" class=\"so-panel widget widget_circleicon-widget panel-first-child panel-last-child\" data-index=\"4\" >\t\t<div class=\"circle-icon-box circle-icon-position-top circle-icon-hide-box circle-icon-size-small\">\n\t\t\t\t\t\t\t<div class=\"circle-icon-wrapper\">\n\t\t\t\t\t\t\t\t\t\t<a href=\"\/en\/formacion-igip\/\" class=\"link-icon\" >\t\t\t\t\t<div class=\"circle-icon\" >\n\t\t\t\t\t\t\t\t\t\t\t\t\t<div class=\"fa fa-graduation-cap\" ><\/div>\n\t\t\t\t\t\t\t\t\t\t\t<\/div> \n\t\t\t\t\t<\/a>\t\t\t\t<\/div>\n\t\t\t\n\t\t\t\t\t\t\t<a href=\"\/en\/formacion-igip\/\" class=\"link-title\" >\n\t\t\t\t\t\t\t\t\t\t<h4 >\n\t\t\t\t\tTraining for Higher Education faculties\t\t\t\t<\/h4>\n\t\t\t\t\t\t\t\t\t\t<\/a>\n\t\t\t\n\t\t\t\t\t\t\t<p class=\"text\" >We develop training activities for teachers on demand, or on our own offers with international certification.<\/p>\n\t\t\t\t\t\t\t\t\t\t<a href=\"\/en\/formacion-igip\/\" class=\"more-button\" >More <i><\/i><\/a>\n\t\t\t\t\t<\/div>\n\t\t<\/div><\/div><\/div><div id=\"pg-gb20-69f329e6e4ca1-3\"  class=\"panel-grid panel-has-style\" ><div class=\"siteorigin-panels-stretch panel-row-style-full-width panel-row-style panel-row-style-for-gb20-69f329e6e4ca1-3\" style=\"background-color: #dbdbdb; \" data-stretch-type=\"full\" ><div id=\"pgc-gb20-69f329e6e4ca1-3-0\"  class=\"panel-grid-cell\" ><div id=\"panel-gb20-69f329e6e4ca1-3-0-0\" class=\"so-panel widget widget_headline-widget panel-first-child panel-last-child\" data-index=\"5\" >\t\t<h1>ABOUT US<\/h1>\n\t\t<div class=\"decoration\"><div class=\"decoration-inside\"><\/div><\/div>\n\t\t<h3>InnovaHiEd Academy represents a group of people committed to innovation in Higher Education (HE) whose principles include promoting change and adapting teaching models to bring university education closer to the demands of today's society.<\/h3>\n\t\t<\/div><\/div><\/div><\/div><div id=\"pg-gb20-69f329e6e4ca1-4\"  class=\"panel-grid panel-has-style\" ><div class=\"siteorigin-panels-stretch panel-row-style-full-width panel-row-style panel-row-style-for-gb20-69f329e6e4ca1-4\" style=\"background-color: #dbdbdb; \" data-stretch-type=\"full\" ><div id=\"pgc-gb20-69f329e6e4ca1-4-0\"  class=\"panel-grid-cell\" ><div id=\"panel-gb20-69f329e6e4ca1-4-0-0\" class=\"so-panel widget widget_media_image panel-first-child panel-last-child\" data-index=\"6\" ><img loading=\"lazy\" decoding=\"async\" width=\"300\" height=\"300\" src=\"https:\/\/innovahied.academy\/wp-content\/uploads\/2021\/01\/Eduardo-Vendrell--300x300.png\" class=\"image wp-image-145  attachment-medium size-medium\" alt=\"\" style=\"max-width: 100%; height: auto;\" srcset=\"https:\/\/innovahied.academy\/wp-content\/uploads\/2021\/01\/Eduardo-Vendrell--300x300.png 300w, https:\/\/innovahied.academy\/wp-content\/uploads\/2021\/01\/Eduardo-Vendrell--1024x1024.png 1024w, https:\/\/innovahied.academy\/wp-content\/uploads\/2021\/01\/Eduardo-Vendrell--150x150.png 150w, https:\/\/innovahied.academy\/wp-content\/uploads\/2021\/01\/Eduardo-Vendrell--768x768.png 768w, https:\/\/innovahied.academy\/wp-content\/uploads\/2021\/01\/Eduardo-Vendrell--12x12.png 12w, https:\/\/innovahied.academy\/wp-content\/uploads\/2021\/01\/Eduardo-Vendrell-.png 1324w\" sizes=\"auto, (max-width: 300px) 100vw, 300px\" \/><\/div><\/div><div id=\"pgc-gb20-69f329e6e4ca1-4-1\"  class=\"panel-grid-cell\" ><div id=\"panel-gb20-69f329e6e4ca1-4-1-0\" class=\"so-panel widget widget_text panel-first-child panel-last-child\" data-index=\"7\" ><h3 class=\"widget-title\">Dr. Eduardo Vendrell Vidal Ing.Paed.IGIP<\/h3>\t\t\t<div class=\"textwidget\"><p><span style=\"font-weight: 400;\">BSc and PhD in informatics By the Universitat Polit\u00e8cnica de Val\u00e8ncia (UPV). Tenure Professor in the area of Systems Engineering and Automation<\/span><\/p>\n<\/div>\n\t\t<\/div><\/div><div id=\"pgc-gb20-69f329e6e4ca1-4-2\"  class=\"panel-grid-cell\" ><div id=\"panel-gb20-69f329e6e4ca1-4-2-0\" class=\"so-panel widget widget_media_image panel-first-child panel-last-child\" data-index=\"8\" ><img loading=\"lazy\" decoding=\"async\" width=\"300\" height=\"300\" src=\"https:\/\/innovahied.academy\/wp-content\/uploads\/2021\/02\/Uriel-300x300.png\" class=\"image wp-image-323  attachment-medium size-medium\" alt=\"\" style=\"max-width: 100%; height: auto;\" srcset=\"https:\/\/innovahied.academy\/wp-content\/uploads\/2021\/02\/Uriel-300x300.png 300w, https:\/\/innovahied.academy\/wp-content\/uploads\/2021\/02\/Uriel-1024x1024.png 1024w, https:\/\/innovahied.academy\/wp-content\/uploads\/2021\/02\/Uriel-150x150.png 150w, https:\/\/innovahied.academy\/wp-content\/uploads\/2021\/02\/Uriel-768x767.png 768w, https:\/\/innovahied.academy\/wp-content\/uploads\/2021\/02\/Uriel-12x12.png 12w, https:\/\/innovahied.academy\/wp-content\/uploads\/2021\/02\/Uriel.png 1237w\" sizes=\"auto, (max-width: 300px) 100vw, 300px\" \/><\/div><\/div><div id=\"pgc-gb20-69f329e6e4ca1-4-3\"  class=\"panel-grid-cell\" ><div id=\"panel-gb20-69f329e6e4ca1-4-3-0\" class=\"so-panel widget widget_text panel-first-child panel-last-child\" data-index=\"9\" ><h3 class=\"widget-title\">Dr. Ing. Uriel Cukierman, Ing.Paed.IGIP h.c.<\/h3>\t\t\t<div class=\"textwidget\"><p><span style=\"font-weight: 400;\">Ingeniero Electr\u00f3nico por la Universidad Tecnol\u00f3gica Nacional. M\u00e1ster en Tecnolog\u00edas de la Informaci\u00f3n Aplicadas a la Empresa por la Universidad Polit\u00e9cnica de Madrid. Doctor en Ciencias de la Educaci\u00f3n por la Universidad de Buenos Aires<\/span><\/p>\n<\/div>\n\t\t<\/div><\/div><\/div><\/div><div id=\"pg-gb20-69f329e6e4ca1-5\"  class=\"panel-grid panel-has-style\" ><div class=\"siteorigin-panels-stretch panel-row-style-full-width panel-row-style panel-row-style-for-gb20-69f329e6e4ca1-5\" style=\"background-color: #dbdbdb; \" data-stretch-type=\"full\" ><div id=\"pgc-gb20-69f329e6e4ca1-5-0\"  class=\"panel-grid-cell\" ><div id=\"panel-gb20-69f329e6e4ca1-5-0-0\" class=\"so-panel widget widget_sow-button panel-first-child panel-last-child\" data-index=\"10\" ><div\n\t\t\t\n\t\t\tclass=\"so-widget-sow-button so-widget-sow-button-flat-d75a1d6d1ec1-20\"\n\t\t\t\n\t\t><div class=\"ow-button-base ow-button-align-center\"\n>\n\t\t\t<a\n\t\t\t\t\thref=\"\/en\/sobre-nosotros\/\"\n\t\t\t\t\tclass=\"sowb-button ow-icon-placement-left ow-button-hover\" \t>\n\t\t<span>\n\t\t\t\n\t\t\tMore information\t\t<\/span>\n\t\t\t<\/a>\n\t<\/div>\n<\/div><\/div><\/div><\/div><\/div><div id=\"pg-gb20-69f329e6e4ca1-6\"  class=\"panel-grid panel-has-style\" ><div class=\"siteorigin-panels-stretch panel-row-style-full-width panel-row-style panel-row-style-for-gb20-69f329e6e4ca1-6\" id=\"contacto\" data-stretch-type=\"full\" ><div id=\"pgc-gb20-69f329e6e4ca1-6-0\"  class=\"panel-grid-cell\" ><div id=\"panel-gb20-69f329e6e4ca1-6-0-0\" class=\"so-panel widget widget_headline-widget panel-first-child panel-last-child\" data-index=\"11\" >\t\t<h1>contact <\/h1>\n\t\t<div class=\"decoration\"><div class=\"decoration-inside\"><\/div><\/div>\n\t\t<h3><\/h3>\n\t\t<\/div><\/div><\/div><\/div><div id=\"pg-gb20-69f329e6e4ca1-7\"  class=\"panel-grid panel-has-style\" ><div class=\"siteorigin-panels-stretch panel-row-style-full-width panel-row-style panel-row-style-for-gb20-69f329e6e4ca1-7\" data-stretch-type=\"full\" ><div id=\"pgc-gb20-69f329e6e4ca1-7-0\"  class=\"panel-grid-cell\" ><div id=\"panel-gb20-69f329e6e4ca1-7-0-0\" class=\"so-panel widget widget_text panel-first-child panel-last-child\" data-index=\"12\" ><h3 class=\"widget-title\">&#8211;<\/h3>\t\t\t<div class=\"textwidget\"><p>Send emails to:<\/p>\n<p><strong>info@innovahied.academy<\/strong><\/p>\n<\/div>\n\t\t<\/div><\/div><div id=\"pgc-gb20-69f329e6e4ca1-7-1\"  class=\"panel-grid-cell\" ><div id=\"panel-gb20-69f329e6e4ca1-7-1-0\" class=\"so-panel widget widget_sow-contact-form panel-first-child panel-last-child\" data-index=\"13\" ><div\n\t\t\t\n\t\t\tclass=\"so-widget-sow-contact-form so-widget-sow-contact-form-default-c3b4aa9ba838-20\"\n\t\t\t\n\t\t>\t<form\n\t\taction=\"\/en\/wp-json\/wp\/v2\/pages\/20\"\n\t\tmethod=\"POST\"\n\t\tclass=\"sow-contact-form\"\n\t\tid=\"contact-form-5274\" data-trp-original-action=\"\/en\/wp-json\/wp\/v2\/pages\/20\"\n\t>\n\n\t\t\n\t\t\t\t\t<div class=\"sow-form-field sow-form-field-name\">\n\t\t\t\t<label class=\"sow-form-field-label-above\" for=\"sow-contact-form-field-tu-nombre-1\">\n\t\t\t\t<strong>\n\t\t\t\t\tYour name\t\t\t\t\t\t\t\t\t<\/strong>\n\t\t\t<\/label>\n\t\t\t\t\t\t\t<div class=\"sow-field-container\">\n\t\t\t\t\t\t\t<input\n\t\t\ttype=\"text\"\n\t\t\tname=\"tu-nombre-1\"\n\t\t\tid=\"sow-contact-form-field-tu-nombre-1\"\n\t\t\tvalue=\"\"\n\t\t\tclass=\"sow-text-field\"\n\t\t\t\t\t\t\t\t\/>\n\t\t\t\t\t\t<\/div>\n\t\t\t\t\t\t\t<\/div>\n\t\t\t\t\t\t<div class=\"sow-form-field sow-form-field-email\">\n\t\t\t\t<label class=\"sow-form-field-label-above\" for=\"sow-contact-form-field-tu-correo-electronico-1\">\n\t\t\t\t<strong>\n\t\t\t\t\tYour email address\t\t\t\t\t\t\t\t\t<\/strong>\n\t\t\t<\/label>\n\t\t\t\t\t\t\t<div class=\"sow-field-container\">\n\t\t\t\t\t\t\t<input\n\t\t\ttype=\"email\"\n\t\t\tname=\"tu-correo-electronico-1\"\n\t\t\tid=\"sow-contact-form-field-tu-correo-electronico-1\"\n\t\t\tvalue=\"\"\n\t\t\tclass=\"sow-text-field\"\t\t\t\t\t\t\t\t\/>\n\t\t\t\t\t\t<\/div>\n\t\t\t\t\t\t\t<\/div>\n\t\t\t\t\t\t<div class=\"sow-form-field sow-form-field-subject\">\n\t\t\t\t<label class=\"sow-form-field-label-above\" for=\"sow-contact-form-field-asunto-1\">\n\t\t\t\t<strong>\n\t\t\t\t\tSubject\t\t\t\t\t\t\t\t\t<\/strong>\n\t\t\t<\/label>\n\t\t\t\t\t\t\t<div class=\"sow-field-container\">\n\t\t\t\t\t\t\t<input\n\t\t\ttype=\"text\"\n\t\t\tname=\"asunto-1\"\n\t\t\tid=\"sow-contact-form-field-asunto-1\"\n\t\t\tvalue=\"\"\n\t\t\tclass=\"sow-text-field\"\n\t\t\t\t\t\t\t\t\/>\n\t\t\t\t\t\t<\/div>\n\t\t\t\t\t\t\t<\/div>\n\t\t\t\t\t\t<div class=\"sow-form-field sow-form-field-textarea\">\n\t\t\t\t<label class=\"sow-form-field-label-above\" for=\"sow-contact-form-field-mensaje-1\">\n\t\t\t\t<strong>\n\t\t\t\t\tMessage\t\t\t\t\t\t\t\t\t<\/strong>\n\t\t\t<\/label>\n\t\t\t\t\t\t\t<div class=\"sow-field-container\">\n\t\t\t\t\t\t\t<textarea\n\t\t\tname=\"mensaje-1\"\n\t\t\tid=\"sow-contact-form-field-mensaje-1\"\n\t\t\trows=\"10\"\n\t\t\t\t\t\t\t\t><\/textarea>\n\t\t\t\t\t\t<\/div>\n\t\t\t\t\t\t\t<\/div>\n\t\t\t\n\t\t\t\t\t<div class=\"sow-recaptcha\"\n\t\t\t\t\t\t\t\t\tdata-config=\"{&quot;sitekey&quot;:&quot;6LeMa0saAAAAAEyua4v_L5A4k7Zj2xo5c9kdZfFP&quot;,&quot;theme&quot;:&quot;light&quot;,&quot;type&quot;:&quot;image&quot;,&quot;size&quot;:&quot;normal&quot;}\"\n\t\t\t\t\t\t\t><\/div>\n\t\t\t\n\t\t<div class=\"sow-submit-wrapper \t\tsow-submit-styled\">\n\n\t\t\t<button\n\t\t\t\ttype=\"submit\"\n\t\t\t\tclass=\"sow-submit\"\n\t\t\t\t\t\t\t>\n\t\t\t\tSend\t\t\t<\/button>\n\t\t<\/div>\n\t\t\t\t<input\n\t\t\ttype=\"hidden\"\n\t\t\tname=\"instance_hash-1\"\n\t\t\tvalue=\"52748d87\"\n\t\t\/>\n\n\t\t<input type=\"hidden\" id=\"_wpnonce\" name=\"_wpnonce\" value=\"684148dbb5\" \/><input type=\"hidden\" name=\"_wp_http_referer\" value=\"\/en\/wp-json\/wp\/v2\/pages\/20\" \/>\t<input type=\"hidden\" name=\"trp-form-language\" value=\"en\"\/><\/form>\n\t<\/div><\/div><\/div><\/div><\/div><\/div>","protected":false},"excerpt":{"rendered":"<p>En esta nueva etapa, innovaHiEd Academy realiza sus actividades en afiliaci\u00f3n y colaboraci\u00f3n con la Federaci\u00f3n Internacional de Sociedades de Educaci\u00f3n en Ingenier\u00eda (IFEES), con el objeto de potenciar los servicios de asistencia para con sus miembros.<\/p>","protected":false},"author":1,"featured_media":0,"parent":0,"menu_order":0,"comment_status":"closed","ping_status":"closed","template":"","meta":{"footnotes":""},"class_list":["post-20","page","type-page","status-publish","hentry","post"],"_links":{"self":[{"href":"https:\/\/innovahied.academy\/en\/wp-json\/wp\/v2\/pages\/20","targetHints":{"allow":["GET"]}}],"collection":[{"href":"https:\/\/innovahied.academy\/en\/wp-json\/wp\/v2\/pages"}],"about":[{"href":"https:\/\/innovahied.academy\/en\/wp-json\/wp\/v2\/types\/page"}],"author":[{"embeddable":true,"href":"https:\/\/innovahied.academy\/en\/wp-json\/wp\/v2\/users\/1"}],"replies":[{"embeddable":true,"href":"https:\/\/innovahied.academy\/en\/wp-json\/wp\/v2\/comments?post=20"}],"version-history":[{"count":110,"href":"https:\/\/innovahied.academy\/en\/wp-json\/wp\/v2\/pages\/20\/revisions"}],"predecessor-version":[{"id":766,"href":"https:\/\/innovahied.academy\/en\/wp-json\/wp\/v2\/pages\/20\/revisions\/766"}],"wp:attachment":[{"href":"https:\/\/innovahied.academy\/en\/wp-json\/wp\/v2\/media?parent=20"}],"curies":[{"name":"wp","href":"https:\/\/api.w.org\/{rel}","templated":true}]}}