{"id":259,"date":"2021-01-31T22:54:06","date_gmt":"2021-01-31T22:54:06","guid":{"rendered":"https:\/\/innovahied.academy\/?page_id=259"},"modified":"2025-12-18T18:40:54","modified_gmt":"2025-12-18T21:40:54","slug":"formacion-igip","status":"publish","type":"page","link":"https:\/\/innovahied.academy\/en\/formacion-igip\/","title":{"rendered":"IGIP Training"},"content":{"rendered":"<div id=\"pl-259\"  class=\"panel-layout\" ><div id=\"pg-259-0\"  class=\"panel-grid panel-no-style\" ><div id=\"pgc-259-0-0\"  class=\"panel-grid-cell\" ><div id=\"panel-259-0-0-0\" class=\"so-panel widget widget_headline-widget panel-first-child panel-last-child\" data-index=\"0\" >\t\t<h1>International Engineering Educators Certification Program (IEECP)<\/h1>\n\t\t<div class=\"decoration\"><div class=\"decoration-inside\"><\/div><\/div>\n\t\t<h3>BLENDED\/HYBRID MODE or 100% ONLINE<\/h3>\n\t\t<\/div><\/div><\/div><div id=\"pg-259-1\"  class=\"panel-grid panel-no-style\" ><div id=\"pgc-259-1-0\"  class=\"panel-grid-cell\" ><div id=\"panel-259-1-0-0\" class=\"so-panel widget widget_text panel-first-child panel-last-child\" data-index=\"1\" ><div class=\"so-rounded panel-widget-style panel-widget-style-for-259-1-0-0\" >\t\t\t<div class=\"textwidget\"><h2>Accredited by the International Society for Engineering Pedagogy (IGIP) and endorsed by the International Federation of Engineering Education Societies (IFEES)<\/h2>\n<\/div>\n\t\t<\/div><\/div><\/div><\/div><div id=\"pg-259-2\"  class=\"panel-grid panel-no-style\" ><div id=\"pgc-259-2-0\"  class=\"panel-grid-cell\" ><div id=\"panel-259-2-0-0\" class=\"so-panel widget widget_media_image panel-first-child panel-last-child\" data-index=\"2\" ><img loading=\"lazy\" decoding=\"async\" width=\"200\" height=\"108\" src=\"https:\/\/innovahied.academy\/wp-content\/uploads\/2023\/09\/logo-IGIP-300x162.jpg\" class=\"image wp-image-764  attachment-200x108 size-200x108\" alt=\"IGIP\" style=\"max-width: 100%; height: auto;\" srcset=\"https:\/\/innovahied.academy\/wp-content\/uploads\/2023\/09\/logo-IGIP-e1709748490794.jpg 300w, https:\/\/innovahied.academy\/wp-content\/uploads\/2023\/09\/logo-IGIP-1024x552.jpg 1024w, https:\/\/innovahied.academy\/wp-content\/uploads\/2023\/09\/logo-IGIP-768x414.jpg 768w, https:\/\/innovahied.academy\/wp-content\/uploads\/2023\/09\/logo-IGIP-1536x828.jpg 1536w, https:\/\/innovahied.academy\/wp-content\/uploads\/2023\/09\/logo-IGIP-18x10.jpg 18w, https:\/\/innovahied.academy\/wp-content\/uploads\/2023\/09\/logo-IGIP-24x13.jpg 24w, https:\/\/innovahied.academy\/wp-content\/uploads\/2023\/09\/logo-IGIP-36x19.jpg 36w, https:\/\/innovahied.academy\/wp-content\/uploads\/2023\/09\/logo-IGIP-48x26.jpg 48w\" sizes=\"auto, (max-width: 200px) 100vw, 200px\" \/><\/div><\/div><div id=\"pgc-259-2-1\"  class=\"panel-grid-cell\" ><div id=\"panel-259-2-1-0\" class=\"so-panel widget widget_media_image panel-first-child panel-last-child\" data-index=\"3\" ><a href=\"http:\/\/ifees.net\/\"><img loading=\"lazy\" decoding=\"async\" width=\"300\" height=\"94\" src=\"https:\/\/innovahied.academy\/wp-content\/uploads\/2021\/02\/IFEES-logo-300x94.png\" class=\"image wp-image-341  attachment-medium size-medium\" alt=\"\" style=\"max-width: 100%; height: auto;\" srcset=\"https:\/\/innovahied.academy\/wp-content\/uploads\/2021\/02\/IFEES-logo-300x94.png 300w, https:\/\/innovahied.academy\/wp-content\/uploads\/2021\/02\/IFEES-logo-16x5.png 16w, https:\/\/innovahied.academy\/wp-content\/uploads\/2021\/02\/IFEES-logo.png 478w\" sizes=\"auto, (max-width: 300px) 100vw, 300px\" \/><\/a><\/div><\/div><\/div><div id=\"pg-259-3\"  class=\"panel-grid panel-no-style\" ><div id=\"pgc-259-3-0\"  class=\"panel-grid-cell\" ><div id=\"panel-259-3-0-0\" class=\"so-panel widget widget_text panel-first-child panel-last-child\" data-index=\"4\" >\t\t\t<div class=\"textwidget\"><h2><a href=\"https:\/\/innovahied.academy\/wp-content\/uploads\/2025\/12\/11200_innovaHiEd-Academy_ATC_2026-2030.pdf\" target=\"_blank\" rel=\"noopener\">InnovaHiEd Academy has been reaccredited by IGIP for the period 2026-2030<\/a><\/h2>\n<\/div>\n\t\t<\/div><\/div><\/div><div id=\"pg-259-4\"  class=\"panel-grid panel-no-style\" ><div id=\"pgc-259-4-0\"  class=\"panel-grid-cell\" ><div id=\"panel-259-4-0-0\" class=\"so-panel widget widget_media_image panel-first-child panel-last-child\" data-index=\"5\" ><img loading=\"lazy\" decoding=\"async\" width=\"100\" height=\"125\" src=\"https:\/\/innovahied.academy\/wp-content\/uploads\/2023\/11\/Iela_Awards_2023_Bronze_InnovaHiEd_Academy-e1699737580723.png\" class=\"image wp-image-779  attachment-full size-full\" alt=\"\" style=\"max-width: 100%; height: auto;\" \/><\/div><\/div><div id=\"pgc-259-4-1\"  class=\"panel-grid-cell\" ><div id=\"panel-259-4-1-0\" class=\"so-panel widget widget_text panel-first-child panel-last-child\" data-index=\"6\" ><h3 class=\"widget-title\">Our program has been awarded by the International E-Learning Association (IELA)<\/h3>\t\t\t<div class=\"textwidget\"><p>Our paper, <strong>\u00abUpskilling Teaching Competences in Latin America: The International Engineering Educator Certification Program,\u00bb <\/strong>which describes the development of the International Engineering Educator Certification Program has been awarded the ribbon of <strong>BRONZE<\/strong> in the category <strong>Blended Learning Experience\u00a0<\/strong>in the 2023 edition of the International E-Learning Awards, awarded by the International E-Learning Association!<\/p>\n<\/div>\n\t\t<\/div><\/div><\/div><div id=\"pg-259-5\"  class=\"panel-grid panel-no-style\" ><div id=\"pgc-259-5-0\"  class=\"panel-grid-cell\" ><div id=\"panel-259-5-0-0\" class=\"so-panel widget widget_text panel-first-child panel-last-child\" data-index=\"7\" ><h3 class=\"widget-title\">The International Society for Engineering Pedagogy (IGIP) has created and developed the International Engineering Educator Certification Program (Ing.Paed.IGIP). This program has allowed thousands of university teachers around the world to train in pedagogical aspects, with special emphasis on technological careers.<\/h3>\t\t\t<div class=\"textwidget\"><p><span style=\"font-weight: 400;\"><strong>InnovaHiEd Academy<\/strong> is an Authorized Training Center and, as such, offers the Program to institutions and individuals interested in perfecting their teacher training.<\/span><\/p>\n<p>Those who satisfactorily comply with the requirements of the Program may access the certificate of<\/p>\n<p><strong>\"International Engineering Educator\" (Ing.Paed.IGIP)<\/strong><\/p>\n<p><strong>Program description<\/strong><br \/>\nUpon approval of the curriculum, a graduate must be able to:<\/p>\n<ul>\n<li>Master the academic, scientific and systematically recognized internationally recognized competencies for Engineering Pedagogy.<\/li>\n<li>Teach Science, Technology, Engineering and Mathematics (STEM) subjects in a competent, effective, innovative and creative way taking into account the basic concepts of Educational Psychology and Engineering Pedagogy with an Active Learning and Student-Centered approach.<\/li>\n<\/ul>\n<p>These competencies are developed in the following Learning Outcomes:<\/p>\n<ul>\n<li>Plan, manage and analyze teaching and learning.<\/li>\n<li>Mastering performance, communication, rhetoric, and scientific writing skills<\/li>\n<li>Know the principles of ethics and engineering ethics in particular<\/li>\n<li>Implement, analyze and manage contemporary educational technology<\/li>\n<li>Plan and implement different forms and different methods of didactically effective laboratory work to implement theory in practice<\/li>\n<li>Implement the principles of an intercultural learning environment<\/li>\n<li>Implement active learning structures<\/li>\n<li>Select appropriate evaluation and rating methodologies<\/li>\n<li>Reflect on teaching and compile the self-analysis into a teaching portfolio<\/li>\n<\/ul>\n<p>The program's curriculum is made up of the following modules:<\/p>\n<ul>\n<li>Introduction to competency development in Engineering Education (EE)<\/li>\n<li>Theory and practice of EE for the development of Competences<\/li>\n<li>Competency-based curriculum design<\/li>\n<li>Evaluando competencias en la EI<\/li>\n<li>Aplicaci\u00f3n de las TIC y la Inteligencia Artificial (IA) en la EI<\/li>\n<li>Effective teamwork<\/li>\n<li>Project-based learning<\/li>\n<li>La \u00e9tica en la ingenier\u00eda y los desaf\u00edos de la IA<\/li>\n<li>Programaci\u00f3n Neuroling\u00fc\u00edstica (PNL) para la educaci\u00f3n<\/li>\n<li>Presentation and communication skills<\/li>\n<li>Procesos de acreditaci\u00f3n y calidad en la EI<\/li>\n<li>Implicaciones Sociales de la Ingenier\u00eda<\/li>\n<li>La escritura cient\u00edfica en tiempos de la IA<\/li>\n<li>Critical thinking<\/li>\n<li>Creative thinking<\/li>\n<\/ul>\n<p><strong>Target audience<\/strong><\/p>\n<ul>\n<li>University Authorities.<\/li>\n<li>Professional schools directors<\/li>\n<li>University Professors in Science, Technology, Engineering and Mathematics (STEAM) or related disciplines.<\/li>\n<li>Professionals involved in educational topics or engineering teaching.<\/li>\n<\/ul>\n<p>A university degree is required as a minimum.<\/p>\n<p><strong>Cohorts<\/strong>:<\/p>\n<ul>\n<li>2017 &#8211; <a href=\"http:\/\/admin.uprm.edu\/portada\/article.php?id=3855\" target=\"_blank\" rel=\"noopener\">UPRM &#8211; Puerto Rico<\/a><\/li>\n<li>2018 &#8211; <a href=\"https:\/\/www.frba.utn.edu.ar\/comenzo-programa-certificacion-educador-internacional-ingenieria-la-utn-buenos-aires\/\" target=\"_blank\" rel=\"noopener\">UTN &#8211; Argentina<\/a><\/li>\n<li>2019 &#8211; <a href=\"http:\/\/www.macrofacultad.cl\/articulos\/701-acadmicas-y-acadmicos-ufro-reciben-importante-calificacin-pedaggica-internacional-de-educacin-en-ingeniera-?fbclid=IwAR3c9tH1kiKlYIpzuWAhk2K2dzyfZ4dNq1mYZEK7-9usf3tpnejHki2CYqw\" target=\"_blank\" rel=\"noopener\">Macro Facultad &#8211; Ingenier\u00eda &#8211; Chile<\/a><\/li>\n<li>2020\/21 &#8211; <a href=\"http:\/\/cda.cgai.udg.mx\/noticia\/programa-de-capacitacion-de-educador-internacional-de-ingenieria-innovahied\" target=\"_blank\" rel=\"noopener\">UdG &#8211; M\u00e9xico<\/a><\/li>\n<li>2021\/22 \u2013 100% virtual with participants from Argentina, Chile, Colombia, Espa\u00f1a, Paraguay and Per\u00fa<\/li>\n<li>2022\/23 &#8211; 100% a distancia con participantes de Per\u00fa, Argentina, Chile, Colombia y Espa\u00f1a<\/li>\n<li>2024\/25 &#8211; Universidad T\u00e9cnica Federico Santa Mar\u00eda &#8211; Chile<\/li>\n<li>2025\/26 &#8211; Pontificia Universidad Cat\u00f3lica Madre y Maestra &#8211; Rep. Dominicana<\/li>\n<\/ul>\n<p><a href=\"https:\/\/innovahied.academy\/en\/#contacto\" rel=\"noopener\">More information<\/a><\/p>\n<\/div>\n\t\t<\/div><\/div><\/div><\/div>","protected":false},"excerpt":{"rendered":"<p>Accredited by the International Society for Engineering Pedagogy (IGIP) and endorsed by the International Federation of Engineering Education Societies (IFEES)<\/p>","protected":false},"author":1,"featured_media":0,"parent":0,"menu_order":0,"comment_status":"closed","ping_status":"closed","template":"","meta":{"footnotes":""},"class_list":["post-259","page","type-page","status-publish","hentry","post"],"_links":{"self":[{"href":"https:\/\/innovahied.academy\/en\/wp-json\/wp\/v2\/pages\/259","targetHints":{"allow":["GET"]}}],"collection":[{"href":"https:\/\/innovahied.academy\/en\/wp-json\/wp\/v2\/pages"}],"about":[{"href":"https:\/\/innovahied.academy\/en\/wp-json\/wp\/v2\/types\/page"}],"author":[{"embeddable":true,"href":"https:\/\/innovahied.academy\/en\/wp-json\/wp\/v2\/users\/1"}],"replies":[{"embeddable":true,"href":"https:\/\/innovahied.academy\/en\/wp-json\/wp\/v2\/comments?post=259"}],"version-history":[{"count":72,"href":"https:\/\/innovahied.academy\/en\/wp-json\/wp\/v2\/pages\/259\/revisions"}],"predecessor-version":[{"id":843,"href":"https:\/\/innovahied.academy\/en\/wp-json\/wp\/v2\/pages\/259\/revisions\/843"}],"wp:attachment":[{"href":"https:\/\/innovahied.academy\/en\/wp-json\/wp\/v2\/media?parent=259"}],"curies":[{"name":"wp","href":"https:\/\/api.w.org\/{rel}","templated":true}]}}